{"id":4688,"date":"2024-02-20T11:46:09","date_gmt":"2024-02-20T10:46:09","guid":{"rendered":"https:\/\/www.caipievedisoligo.it\/?page_id=4688"},"modified":"2026-04-04T11:13:28","modified_gmt":"2026-04-04T09:13:28","slug":"chi-siamo","status":"publish","type":"page","link":"https:\/\/www.caipievedisoligo.it\/index.php\/chi-siamo\/","title":{"rendered":"Chi siamo"},"content":{"rendered":"<div class=\"wpb-content-wrapper\">[vc_row full_width=&#8221;stretch_row&#8221; bg_style=&#8221;stretch&#8221; css=&#8221;.vc_custom_1708427490184{margin-bottom: 60px !important;padding-top: 120px !important;padding-bottom: 80px !important;background: #333333 url(https:\/\/www.caipievedisoligo.it\/wp-content\/uploads\/2024\/02\/131-scaled.jpg?id=4696) !important;background-position: center !important;background-repeat: no-repeat !important;background-size: cover !important;}&#8221;][vc_column]<style>.vcex-icon.vcex_69f8afcdb932d{font-size:32px;}.vcex-icon.vcex_69f8afcdb932d .vcex-icon-wrap{width:70px;height:70px;color:#ffffff;background-color:#004288;border-radius:50%;}<\/style><div class=\"vcex-icon vcex-module vcex-icon-normal wpex-float-none wpex-m-auto wpex-text-center vcex_69f8afcdb932d\"><div class=\"vcex-icon-wrap wpex-inline-flex wpex-items-center wpex-justify-center wpex-leading-none\"><span class=\"ticon ticon-handshake-o\" aria-hidden=\"true\"><\/span><\/div><\/div><style> style=\"height:20px;\"<\/style><div class=\"vcex-spacing wpex-w-100 wpex-clear\" style=\"height:20px;\"><\/div><style>.vcex-heading.vcex_69f8afcdbcd00{color:#ffffff;font-size:34px;}<\/style><h2 class=\"vcex-heading vcex-heading-plain vcex-module wpex-heading wpex-text-2xl wpex-text-center vcex_69f8afcdbcd00\"><span class=\"vcex-heading-inner wpex-inline-block\">Associazione CAI - Sezione \"Velio Soldan\" - Pieve di Soligo<\/span><\/h2><style> style=\"height:10px;\"<\/style><div class=\"vcex-spacing wpex-w-100 wpex-clear\" style=\"height:10px;\"><\/div>[\/vc_column][\/vc_row][vc_row bg_style=&#8221;stretch&#8221; css=&#8221;.vc_custom_1489888712624{margin-bottom: 10px !important;}&#8221;][vc_column width=&#8221;1\/2&#8243;]<style>.vcex-heading.vcex_69f8afcdbe5ac{font-size:32px;font-weight:400;}<\/style><div class=\"vcex-heading vcex-heading-plain vcex-module wpex-heading wpex-text-2xl wpex-text-center vcex_69f8afcdbe5ac\"><span class=\"vcex-heading-inner wpex-inline-block\">Consiglio Direttivo<\/span><\/div><style> style=\"height:15px;\"<\/style><div class=\"vcex-spacing wpex-w-100 wpex-clear\" style=\"height:15px;\"><\/div>[\/vc_column][vc_column width=&#8221;1\/2&#8243;][vc_column_text]ANDREOLA MICHELE &#8211; <strong>Presidente<\/strong><br \/>\nSOLDAN SERGIO &#8211; <strong>Vice Presidente<\/strong><br \/>\nZACCARON WALTER &#8211; <strong>Vice Presidente<\/strong><br \/>\nBOTTEGA LUCIO &#8211; <strong>Segretario (extra consiglio)<\/strong><\/p>\n<hr \/>\n<p><strong>Consiglieri<\/strong><\/p>\n<p>BENINCA&#8217; MAURO<br \/>\nBURIOLA CLAUDIA<br \/>\nCOMELLO ROBERTO<br \/>\nDA RIVA MASSIMO<br \/>\nDEL PIO LUOGO LUIGINO<br \/>\nFAVERO MARCELLA<br \/>\nFIORIN GIUSEPPE<br \/>\nGHIZZO PAOLO<br \/>\nMENEGHELLO EMANUELE<br \/>\nPADOIN FRANCESCA<br \/>\nPAOLETTI MAURILIO<br \/>\nPEDERIVA STEFANO<br \/>\nRASERA GRAZIANO<br \/>\nSOLDAN MAURO<br \/>\nTRINCA FEDERICO[\/vc_column_text][\/vc_column][\/vc_row][vc_row bg_style=&#8221;stretch&#8221; css=&#8221;.vc_custom_1489888712624{margin-bottom: 10px !important;}&#8221;][vc_column]<div class=\"vcex-module vcex-divider-dots wpex-mx-auto wpex-last-mr-0 wpex-text-center\"><span class=\"wpex-inline-block wpex-rounded-full wpex-bg-accent wpex-mr-10\" style=\"background:#004288;\"><\/span><span class=\"wpex-inline-block wpex-rounded-full wpex-bg-accent wpex-mr-10\" style=\"background:#004288;\"><\/span><span class=\"wpex-inline-block wpex-rounded-full wpex-bg-accent wpex-mr-10\" style=\"background:#004288;\"><\/span><span class=\"wpex-inline-block wpex-rounded-full wpex-bg-accent wpex-mr-10\" style=\"background:#004288;\"><\/span><span class=\"wpex-inline-block wpex-rounded-full wpex-bg-accent wpex-mr-10\" style=\"background:#004288;\"><\/span><span class=\"wpex-inline-block wpex-rounded-full wpex-bg-accent wpex-mr-10\" style=\"background:#004288;\"><\/span><span class=\"wpex-inline-block wpex-rounded-full wpex-bg-accent wpex-mr-10\" style=\"background:#004288;\"><\/span><span class=\"wpex-inline-block wpex-rounded-full wpex-bg-accent wpex-mr-10\" style=\"background:#004288;\"><\/span><span class=\"wpex-inline-block wpex-rounded-full wpex-bg-accent wpex-mr-10\" style=\"background:#004288;\"><\/span><span class=\"wpex-inline-block wpex-rounded-full wpex-bg-accent wpex-mr-10\" style=\"background:#004288;\"><\/span><span class=\"wpex-inline-block wpex-rounded-full wpex-bg-accent wpex-mr-10\" style=\"background:#004288;\"><\/span><\/div>[\/vc_column][\/vc_row][vc_row bg_style=&#8221;stretch&#8221; css=&#8221;.vc_custom_1489888712624{margin-bottom: 10px !important;}&#8221;][vc_column width=&#8221;1\/2&#8243;]<style>.vcex-heading.vcex_69f8afcdbf810{font-size:32px;font-weight:400;}<\/style><div class=\"vcex-heading vcex-heading-plain vcex-module wpex-heading wpex-text-2xl wpex-text-center vcex_69f8afcdbf810\"><span class=\"vcex-heading-inner wpex-inline-block\">Organico<\/span><\/div><style> style=\"height:15px;\"<\/style><div class=\"vcex-spacing wpex-w-100 wpex-clear\" style=\"height:15px;\"><\/div>[\/vc_column][vc_column width=&#8221;1\/2&#8243;][vc_column_text]<strong>TOTALE SOCI n. 567<\/strong><br \/>\n<strong>SOCI ORDINARI n. 358<\/strong><br \/>\n<strong>SOCI ORDINARI JUNIORES n. 27<\/strong><br \/>\n<strong>SOCI FAMILIARI n. 134<\/strong><br \/>\n<strong>SOCI GIOVANI n. 48<\/strong><br \/>\nIstruttori Sci-Alpinismo n. 3<br \/>\nIstruttori Alpinismo n. 3<br \/>\nIstruttori Arrampicata libera n. 5<br \/>\nIstruttori Sezionali n. 9<br \/>\nAccompagnatori Alpinismo giovanile n. 1<br \/>\nAccompagnatori Escursionismo n. 1<br \/>\nAccompagnatori Ciclo-escursionismo n. 1<br \/>\nSoci operatori del Soccorso Alpino n. 7[\/vc_column_text][\/vc_column][\/vc_row][vc_row full_width=&#8221;stretch_row&#8221; bg_style=&#8221;repeat&#8221; css=&#8221;.vc_custom_1489888724437{border-top-width: 1px !important;border-right-width: 0px !important;border-bottom-width: 1px !important;border-left-width: 0px !important;padding-top: 45px !important;padding-bottom: 30px !important;background-color: #f7f7f7 !important;border-left-color: #e8e8e8 !important;border-left-style: solid !important;border-right-color: #e8e8e8 !important;border-right-style: solid !important;border-top-color: #e8e8e8 !important;border-top-style: solid !important;border-bottom-color: #e8e8e8 !important;border-bottom-style: solid !important;}&#8221;][vc_column]<style>.vcex-heading.vcex_69f8afcdc04e0{font-size:32px;font-weight:400;}<\/style><div class=\"vcex-heading vcex-heading-plain vcex-module wpex-heading wpex-text-2xl wpex-text-center vcex_69f8afcdc04e0\"><span class=\"vcex-heading-inner wpex-inline-block\">Estratto statuto e regolamento generale<\/span><\/div><style> style=\"height:15px;\"<\/style><div class=\"vcex-spacing wpex-w-100 wpex-clear\" style=\"height:15px;\"><\/div>[vc_column_text text_align=&#8221;center&#8221; width=&#8221;760px&#8221; font_size=&#8221;14px&#8221;]<strong>Art. 9 dello Statuto:<\/strong><br \/>\nCiascun Socio ordinario, familiare e giovane deve corrispondere alla Sezione presso la<br \/>\nquale \u00e8 iscritto una quota associativa.<\/p>\n<p><strong>Art.13 del Regolamento Generale:<\/strong><br \/>\nL\u2019appartenenza al Club Alpino Italiano implica l\u2019obbligo di osservare lo statuto, il regolamento generale e le norme emanate dagli organi sociali.<\/p>\n<p><strong>Art.19 del Regolamento Generale:<\/strong><br \/>\nChi ha cessato di far parte del sodalizio per morosit\u00e0 non pu\u00f2 rientrare nell\u2019associazione<br \/>\nconservando l\u2019anzianit\u00e0 di iscrizione se non previo pagamento alla Sezione presso la quale<br \/>\nera iscritto delle quote arretrate.<\/p>\n<p><strong>DIRITTI DEL SOCIO<\/strong><br \/>\n<strong>Art.12 del Regolamento Generale:<\/strong><br \/>\n1) Usufruire dei rifugi del C.A.I. a condizioni preferenziali rispetto ai non soci.<br \/>\n2) Usufruire dei rifugi di altre associazioni nazionali ed estere con le quali il C.A.I. ha<br \/>\nstabilito trattamento di reciprocit\u00e0.<br \/>\n3) Usufruire del materiale tecnico, bibliografico e fotocinematografico degli Organi centrali, Sezioni e Sottosezioni, a norma di regolamento.<br \/>\n4) Usufruire delle polizze assicurative per Responsabilit\u00e0 Civile e Soccorso Alpino durante le attivit\u00e0 sezionali.<br \/>\n5) Usufruire di Assicurazione Infortunio personale a costo ridotto.<br \/>\n6) Avere libero accesso alle sedi delle Sezioni e Sottosezioni.<br \/>\n7) Ricevere le pubblicazioni in regola con l\u2019iscrizione.<br \/>\n8) Fregiarsi del distintivo sociale.[\/vc_column_text]<style> style=\"height:40px;\"<\/style><div class=\"vcex-spacing wpex-w-100 wpex-clear\" style=\"height:40px;\"><\/div><style> style=\"height:40px;\"<\/style><div class=\"vcex-spacing wpex-w-100 wpex-clear\" style=\"height:40px;\"><\/div><div class=\"theme-button-wrap textcenter wpex-clr\"><a href=\"#\" class=\"vcex-button theme-button flat green align-center inline\" style=\"font-size:14px;font-weight:400;\" title=\"Get Started Today\" rel=\"none\"><span class=\"vcex-button-inner theme-button-inner\"><span class=\"vcex-button-icon vcex-icon-wrap theme-button-icon-left\"><span class=\"ticon ticon-address-card-o\" aria-hidden=\"true\"><\/span><\/span>Iscriviti subito<\/span><\/a><\/div> [\/vc_column][\/vc_row][vc_row full_width=&#8221;stretch_row&#8221; parallax=&#8221;vcex_parallax&#8221; remove_bottom_col_margin=&#8221;true&#8221; css=&#8221;.vc_custom_1727522708427{border-top-width: 1px !important;border-bottom-width: 1px !important;padding-top: 50px !important;padding-bottom: 50px !important;border-top-color: #ededed !important;border-top-style: solid !important;border-bottom-color: #ededed !important;border-bottom-style: solid !important;}&#8221;][vc_column]<style>.vcex-heading.vcex_69f8afcdc2547{font-size:32px;font-weight:400;}<\/style><h1 class=\"vcex-heading vcex-heading-plain vcex-module wpex-heading wpex-text-2xl wpex-text-center vc_custom_1708446822634 vcex_69f8afcdc2547\"><span class=\"vcex-heading-inner wpex-inline-block\">Lettera del Presidente<\/span><\/h1><style>.vcex-heading.vcex_69f8afcdc2d51{font-size:18px;font-weight:400;}<\/style><h3 class=\"vcex-heading vcex-heading-plain vcex-module wpex-heading wpex-text-2xl wpex-text-center vc_custom_1775293944148 vcex_69f8afcdc2d51\"><span class=\"vcex-heading-inner wpex-inline-block\">2025<\/span><\/h3>[vc_column_text text_align=&#8221;center&#8221; font_weight=&#8221;300&#8243; color=&#8221;#777777&#8243; font_size=&#8221;14px&#8221;]<img loading=\"lazy\" decoding=\"async\" class=\"wp-image-10874 alignleft\" src=\"https:\/\/www.caipievedisoligo.it\/wp-content\/uploads\/2026\/04\/michele-andreola.jpg\" alt=\"\" width=\"140\" height=\"182\" srcset=\"https:\/\/www.caipievedisoligo.it\/wp-content\/uploads\/2026\/04\/michele-andreola.jpg 406w, https:\/\/www.caipievedisoligo.it\/wp-content\/uploads\/2026\/04\/michele-andreola-231x300.jpg 231w\" sizes=\"(max-width: 140px) 100vw, 140px\" \/> Carissimi Soci e Socie della Sezione CAI \u201cVelio Soldan\u201d e amanti della montagna che avete aperto questo Notiziario 2026.<br \/>\nIl 2025 \u00e8 stato un anno in cui si \u00e8 parlato molto di montagna, molti sono purtroppo stati i fatti di cronaca che hanno acceso considerazioni e discussioni su quella che \u00e8 la nostra passione.<br \/>\nCredo sia giusto sottolineare con determinazione che il CAI promuove la frequentazione responsabile della montagna, di come frequentare l\u2019ambiente montano in sicurezza, avendo come supporto ed appoggio la conoscenza, l\u2019esperienza e la coscienza dei propri limiti.<br \/>\nLeggendo i dati statistici degli incidenti in montagna, nel 2024 sono state oltre 12mila le missioni del Soccorso Alpino in Italia, di queste solo l&#8217;8% riguarda soci CAI, nel 2025 siamo sotto tale percentuale.<br \/>\nQueste percentuali fanno capire l\u2019importanza di essere a conoscenza di regole e condizioni per frequentare l\u2019ambiente montano, attivit\u00e0 che le Sezioni promuovono e tramite le proprie scuole propongono con costanza e impegno anno dopo anno, dai direttori, agli istruttori, aiuto istruttori, agli accompagnatori a semplici soci VOLONTARIAMENTE dedicano con passione il loro tempo alla divulgazione e insegnamento di come ci si avvicina e frequenta l\u2019ambiente montano, sia esso estivo o invernale, proponendo serate a tema, attivit\u00e0, corsi di formazione e specializzazione a vari livelli.<br \/>\nLa Nostra Sezione continua a crescere ed \u00e8 un dato positivo; ma non dobbiamo inseguire i numeri dei tesserati o delle attivit\u00e0, cerchiamo di sentirci pi\u00f9 Soci che tesserati, pi\u00f9 protagonisti che utenti e dare il nostro contributo per la vita della Sezione. L\u2019invito a tutti \u00e8 di frequentare la Sezione non solo per il tesseramento o per le attivit\u00e0 in programma: la sede \u00e8 la casa di tutti, e questo va sottolineato, \u00e8 un luogo di incontro,<br \/>\nscambio di esperienze, di amicizie, la sede deve essere un riferimento per condividere una passione ed un impegno.<br \/>\nIl mio pensiero \u00e8 rivolto ai Nostri Soci e Socie andate avanti, teniamo fermi i valori acquisiti e proseguiamo nel solco tracciato perch\u00e9 questi non siano solo ricordi.<br \/>\nUn ringraziamento ai volontari del Consiglio Direttivo per il loro impegno nel gestire e coordinare la Sezione con l\u2019augurio di un buon cammino assieme in questi 3 anni di transizione.<br \/>\nConcludo con l\u2019aforismo che da sempre marca la Nostra Sezione \u201cLa Montagna Talismano dell\u2019Amicizia fra i Popoli\u201d<br \/>\nBuona Montagna a tutti.<br \/>\nIl presidente<br \/>\nMichele Andreola[\/vc_column_text]<div class=\"vcex-spacing wpex-w-100 wpex-clear\"><\/div>[\/vc_column][\/vc_row]\n<\/div>","protected":false},"excerpt":{"rendered":"<p>[vc_row full_width=&#8221;stretch_row&#8221; bg_style=&#8221;stretch&#8221; css=&#8221;.vc_custom_1708427490184{margin-bottom: 60px !important;padding-top: 120px !important;padding-bottom: 80px !important;background: #333333 url(https:\/\/www.caipievedisoligo.it\/wp-content\/uploads\/2024\/02\/131-scaled.jpg?id=4696) !important;background-position: center !important;background-repeat: no-repeat !important;background-size: cover !important;}&#8221;][vc_column][\/vc_column][\/vc_row][vc_row bg_style=&#8221;stretch&#8221; css=&#8221;.vc_custom_1489888712624{margin-bottom: 10px !important;}&#8221;][vc_column width=&#8221;1\/2&#8243;][\/vc_column][vc_column width=&#8221;1\/2&#8243;][vc_column_text]ANDREOLA MICHELE &#8211; Presidente SOLDAN SERGIO&hellip;<\/p>\n","protected":false},"author":1,"featured_media":0,"parent":0,"menu_order":0,"comment_status":"closed","ping_status":"closed","template":"","meta":{"footnotes":""},"_links":{"self":[{"href":"https:\/\/www.caipievedisoligo.it\/index.php\/wp-json\/wp\/v2\/pages\/4688"}],"collection":[{"href":"https:\/\/www.caipievedisoligo.it\/index.php\/wp-json\/wp\/v2\/pages"}],"about":[{"href":"https:\/\/www.caipievedisoligo.it\/index.php\/wp-json\/wp\/v2\/types\/page"}],"author":[{"embeddable":true,"href":"https:\/\/www.caipievedisoligo.it\/index.php\/wp-json\/wp\/v2\/users\/1"}],"replies":[{"embeddable":true,"href":"https:\/\/www.caipievedisoligo.it\/index.php\/wp-json\/wp\/v2\/comments?post=4688"}],"version-history":[{"count":15,"href":"https:\/\/www.caipievedisoligo.it\/index.php\/wp-json\/wp\/v2\/pages\/4688\/revisions"}],"predecessor-version":[{"id":10730,"href":"https:\/\/www.caipievedisoligo.it\/index.php\/wp-json\/wp\/v2\/pages\/4688\/revisions\/10730"}],"wp:attachment":[{"href":"https:\/\/www.caipievedisoligo.it\/index.php\/wp-json\/wp\/v2\/media?parent=4688"}],"curies":[{"name":"wp","href":"https:\/\/api.w.org\/{rel}","templated":true}]}}